{"id":7815,"date":"2023-10-27T14:43:23","date_gmt":"2023-10-27T14:43:23","guid":{"rendered":"https:\/\/irc.fon.bg.ac.rs\/?page_id=7815"},"modified":"2023-10-31T16:40:29","modified_gmt":"2023-10-31T16:40:29","slug":"radionice","status":"publish","type":"page","link":"https:\/\/irc.fon.bg.ac.rs\/en\/radionice\/","title":{"rendered":"Workshops"},"content":{"rendered":"<div data-elementor-type=\"wp-page\" data-elementor-id=\"7815\" class=\"elementor elementor-7815\" data-elementor-post-type=\"page\">\n\t\t\t\t\t\t\t        <section class=\"elementor-section elementor-top-section elementor-element elementor-element-e12c7fb elementor-section-stretched elementor-section-boxed elementor-section-height-default elementor-section-height-default exad-glass-effect-no exad-sticky-section-no ct-header-fixed-none ct-row-max-none\" data-id=\"e12c7fb\" data-element_type=\"section\" data-settings=\"{&quot;stretch_section&quot;:&quot;section-stretched&quot;}\">\n            \n                        <div class=\"elementor-container elementor-column-gap-extended\">\n                    <div class=\"elementor-column elementor-col-100 elementor-top-column elementor-element elementor-element-e9b1657 exad-glass-effect-no exad-sticky-section-no\" data-id=\"e9b1657\" data-element_type=\"column\">\n            <div class=\"elementor-widget-wrap elementor-element-populated\">\n                        \t\t<div class=\"elementor-element elementor-element-dcdb502 elementor-grid-3 elementor-grid-tablet-2 elementor-grid-mobile-1 elementor-posts--thumbnail-top elementor-card-shadow-yes elementor-posts__hover-gradient exad-sticky-section-no exad-glass-effect-no elementor-widget elementor-widget-posts\" data-id=\"dcdb502\" data-element_type=\"widget\" data-settings=\"{&quot;cards_columns&quot;:&quot;3&quot;,&quot;cards_columns_tablet&quot;:&quot;2&quot;,&quot;cards_columns_mobile&quot;:&quot;1&quot;,&quot;cards_row_gap&quot;:{&quot;unit&quot;:&quot;px&quot;,&quot;size&quot;:35,&quot;sizes&quot;:[]},&quot;cards_row_gap_tablet&quot;:{&quot;unit&quot;:&quot;px&quot;,&quot;size&quot;:&quot;&quot;,&quot;sizes&quot;:[]},&quot;cards_row_gap_mobile&quot;:{&quot;unit&quot;:&quot;px&quot;,&quot;size&quot;:&quot;&quot;,&quot;sizes&quot;:[]}}\" data-widget_type=\"posts.cards\">\n\t\t\t\t<div class=\"elementor-widget-container\">\n\t\t\t<link rel=\"stylesheet\" href=\"https:\/\/irc.fon.bg.ac.rs\/wp-content\/plugins\/pro-elements\/assets\/css\/widget-posts.min.css\">\t\t<div class=\"elementor-posts-container elementor-posts elementor-posts--skin-cards elementor-grid\">\n\t\t\t\t<article class=\"elementor-post elementor-grid-item post-8339 dogadjaji type-dogadjaji status-publish has-post-thumbnail hentry kategorija-radionice\">\n\t\t\t<div class=\"elementor-post__card\">\n\t\t\t\t<a class=\"elementor-post__thumbnail__link\" href=\"https:\/\/irc.fon.bg.ac.rs\/en\/dogadjaji\/florence-days-na-fon-u\/\" tabindex=\"-1\" ><div class=\"elementor-post__thumbnail\"><img fetchpriority=\"high\" decoding=\"async\" width=\"635\" height=\"481\" src=\"https:\/\/irc.fon.bg.ac.rs\/wp-content\/uploads\/2023\/11\/Screenshot_1.png\" class=\"attachment-full size-full wp-image-8341\" alt=\"\" srcset=\"https:\/\/irc.fon.bg.ac.rs\/wp-content\/uploads\/2023\/11\/Screenshot_1.png 635w, https:\/\/irc.fon.bg.ac.rs\/wp-content\/uploads\/2023\/11\/Screenshot_1-300x227.png 300w, https:\/\/irc.fon.bg.ac.rs\/wp-content\/uploads\/2023\/11\/Screenshot_1-600x454.png 600w\" sizes=\"(max-width: 635px) 100vw, 635px\" \/><\/div><\/a>\n\t\t\t\t<div class=\"elementor-post__badge\">Workshops<\/div>\n\t\t\t\t<div class=\"elementor-post__text\">\n\t\t\t\t<h3 class=\"elementor-post__title\">\n\t\t\t<a href=\"https:\/\/irc.fon.bg.ac.rs\/en\/dogadjaji\/florence-days-na-fon-u\/\" >\n\t\t\t\tFlorence days na FON-u\t\t\t<\/a>\n\t\t<\/h3>\n\t\t\t\t<div class=\"elementor-post__excerpt\">\n\t\t\t<p>Maja 2023. godine Istra\u017eiva\u010dko razvojni centar je u saradnji sa partnerima iz kompanije Florence odr\u017eao trening program, u okviru koga<\/p>\n\t\t<\/div>\n\t\t\n\t\t<a class=\"elementor-post__read-more\" href=\"https:\/\/irc.fon.bg.ac.rs\/en\/dogadjaji\/florence-days-na-fon-u\/\" aria-label=\"Read more about Florence days na FON-u\" tabindex=\"-1\" >\n\t\t\tRead more\t\t<\/a>\n\n\t\t\t\t<\/div>\n\t\t\t\t\t<\/div>\n\t\t<\/article>\n\t\t\t\t<\/div>\n\t\t\n\t\t\t\t<\/div>\n\t\t\t\t<\/div>\n\t\t            <\/div>\n        <\/div>\n                            <\/div>\n        <\/section>\n        \t\t\t\t\t<\/div>","protected":false},"excerpt":{"rendered":"","protected":false},"author":1,"featured_media":0,"parent":0,"menu_order":0,"comment_status":"closed","ping_status":"closed","template":"","meta":{"_acf_changed":false,"footnotes":""},"class_list":["post-7815","page","type-page","status-publish","hentry"],"acf":[],"_links":{"self":[{"href":"https:\/\/irc.fon.bg.ac.rs\/en\/wp-json\/wp\/v2\/pages\/7815","targetHints":{"allow":["GET"]}}],"collection":[{"href":"https:\/\/irc.fon.bg.ac.rs\/en\/wp-json\/wp\/v2\/pages"}],"about":[{"href":"https:\/\/irc.fon.bg.ac.rs\/en\/wp-json\/wp\/v2\/types\/page"}],"author":[{"embeddable":true,"href":"https:\/\/irc.fon.bg.ac.rs\/en\/wp-json\/wp\/v2\/users\/1"}],"replies":[{"embeddable":true,"href":"https:\/\/irc.fon.bg.ac.rs\/en\/wp-json\/wp\/v2\/comments?post=7815"}],"version-history":[{"count":5,"href":"https:\/\/irc.fon.bg.ac.rs\/en\/wp-json\/wp\/v2\/pages\/7815\/revisions"}],"predecessor-version":[{"id":7919,"href":"https:\/\/irc.fon.bg.ac.rs\/en\/wp-json\/wp\/v2\/pages\/7815\/revisions\/7919"}],"wp:attachment":[{"href":"https:\/\/irc.fon.bg.ac.rs\/en\/wp-json\/wp\/v2\/media?parent=7815"}],"curies":[{"name":"wp","href":"https:\/\/api.w.org\/{rel}","templated":true}]}}