{"id":7797,"date":"2023-10-27T14:37:58","date_gmt":"2023-10-27T14:37:58","guid":{"rendered":"https:\/\/irc.fon.bg.ac.rs\/?page_id=7797"},"modified":"2023-10-31T16:41:02","modified_gmt":"2023-10-31T16:41:02","slug":"izazovi","status":"publish","type":"page","link":"https:\/\/irc.fon.bg.ac.rs\/en\/izazovi\/","title":{"rendered":"Challenges"},"content":{"rendered":"<div data-elementor-type=\"wp-page\" data-elementor-id=\"7797\" class=\"elementor elementor-7797\" data-elementor-post-type=\"page\">\n\t\t\t\t\t\t\t        <section class=\"elementor-section elementor-top-section elementor-element elementor-element-e12c7fb elementor-section-stretched elementor-section-boxed elementor-section-height-default elementor-section-height-default exad-glass-effect-no exad-sticky-section-no ct-header-fixed-none ct-row-max-none\" data-id=\"e12c7fb\" data-element_type=\"section\" data-settings=\"{&quot;stretch_section&quot;:&quot;section-stretched&quot;}\">\n            \n                        <div class=\"elementor-container elementor-column-gap-extended\">\n                    <div class=\"elementor-column elementor-col-100 elementor-top-column elementor-element elementor-element-e9b1657 exad-glass-effect-no exad-sticky-section-no\" data-id=\"e9b1657\" data-element_type=\"column\">\n            <div class=\"elementor-widget-wrap elementor-element-populated\">\n                        \t\t<div class=\"elementor-element elementor-element-d23ca05 elementor-grid-3 elementor-grid-tablet-2 elementor-grid-mobile-1 elementor-posts--thumbnail-top elementor-card-shadow-yes elementor-posts__hover-gradient exad-sticky-section-no exad-glass-effect-no elementor-widget elementor-widget-posts\" data-id=\"d23ca05\" data-element_type=\"widget\" data-settings=\"{&quot;cards_columns&quot;:&quot;3&quot;,&quot;cards_columns_tablet&quot;:&quot;2&quot;,&quot;cards_columns_mobile&quot;:&quot;1&quot;,&quot;cards_row_gap&quot;:{&quot;unit&quot;:&quot;px&quot;,&quot;size&quot;:35,&quot;sizes&quot;:[]},&quot;cards_row_gap_tablet&quot;:{&quot;unit&quot;:&quot;px&quot;,&quot;size&quot;:&quot;&quot;,&quot;sizes&quot;:[]},&quot;cards_row_gap_mobile&quot;:{&quot;unit&quot;:&quot;px&quot;,&quot;size&quot;:&quot;&quot;,&quot;sizes&quot;:[]}}\" data-widget_type=\"posts.cards\">\n\t\t\t\t<div class=\"elementor-widget-container\">\n\t\t\t<link rel=\"stylesheet\" href=\"https:\/\/irc.fon.bg.ac.rs\/wp-content\/plugins\/pro-elements\/assets\/css\/widget-posts.min.css\">\t\t<div class=\"elementor-posts-container elementor-posts elementor-posts--skin-cards elementor-grid\">\n\t\t\t\t<article class=\"elementor-post elementor-grid-item post-8427 dogadjaji type-dogadjaji status-publish has-post-thumbnail hentry kategorija-izazovi\">\n\t\t\t<div class=\"elementor-post__card\">\n\t\t\t\t<a class=\"elementor-post__thumbnail__link\" href=\"https:\/\/irc.fon.bg.ac.rs\/en\/dogadjaji\/renovation-case-challenge\/\" tabindex=\"-1\" ><div class=\"elementor-post__thumbnail\"><img fetchpriority=\"high\" decoding=\"async\" width=\"2560\" height=\"1707\" src=\"https:\/\/irc.fon.bg.ac.rs\/wp-content\/uploads\/2023\/11\/DSC_0333-scaled.jpg\" class=\"attachment-full size-full wp-image-8433\" alt=\"\" srcset=\"https:\/\/irc.fon.bg.ac.rs\/wp-content\/uploads\/2023\/11\/DSC_0333-scaled.jpg 2560w, https:\/\/irc.fon.bg.ac.rs\/wp-content\/uploads\/2023\/11\/DSC_0333-300x200.jpg 300w, https:\/\/irc.fon.bg.ac.rs\/wp-content\/uploads\/2023\/11\/DSC_0333-1024x683.jpg 1024w, https:\/\/irc.fon.bg.ac.rs\/wp-content\/uploads\/2023\/11\/DSC_0333-768x512.jpg 768w, https:\/\/irc.fon.bg.ac.rs\/wp-content\/uploads\/2023\/11\/DSC_0333-1536x1024.jpg 1536w, https:\/\/irc.fon.bg.ac.rs\/wp-content\/uploads\/2023\/11\/DSC_0333-2048x1365.jpg 2048w, https:\/\/irc.fon.bg.ac.rs\/wp-content\/uploads\/2023\/11\/DSC_0333-600x400.jpg 600w\" sizes=\"(max-width: 2560px) 100vw, 2560px\" \/><\/div><\/a>\n\t\t\t\t<div class=\"elementor-post__badge\">Challenges<\/div>\n\t\t\t\t<div class=\"elementor-post__text\">\n\t\t\t\t<h3 class=\"elementor-post__title\">\n\t\t\t<a href=\"https:\/\/irc.fon.bg.ac.rs\/en\/dogadjaji\/renovation-case-challenge\/\" >\n\t\t\t\t\u201eR\u00e9novation\u201c case challenge\t\t\t<\/a>\n\t\t<\/h3>\n\t\t\t\t<div class=\"elementor-post__excerpt\">\n\t\t\t<p>Pozivamo sve studentske timove da prihvate izazov i kreiraju novo korisni\u010dko iskustvo u \u0161opingu na prvom \u201er\u00e9novation\u201c case challenge-u koji<\/p>\n\t\t<\/div>\n\t\t\n\t\t<a class=\"elementor-post__read-more\" href=\"https:\/\/irc.fon.bg.ac.rs\/en\/dogadjaji\/renovation-case-challenge\/\" aria-label=\"Read more about \u201eR\u00e9novation\u201c case challenge\" tabindex=\"-1\" >\n\t\t\tRead more\t\t<\/a>\n\n\t\t\t\t<\/div>\n\t\t\t\t\t<\/div>\n\t\t<\/article>\n\t\t\t\t<article class=\"elementor-post elementor-grid-item post-8441 dogadjaji type-dogadjaji status-publish has-post-thumbnail hentry kategorija-izazovi\">\n\t\t\t<div class=\"elementor-post__card\">\n\t\t\t\t<a class=\"elementor-post__thumbnail__link\" href=\"https:\/\/irc.fon.bg.ac.rs\/en\/dogadjaji\/empower-it-humanitarni-izazov\/\" tabindex=\"-1\" ><div class=\"elementor-post__thumbnail\"><img decoding=\"async\" width=\"1204\" height=\"904\" src=\"https:\/\/irc.fon.bg.ac.rs\/wp-content\/uploads\/2023\/11\/EmpowerIT.png\" class=\"attachment-full size-full wp-image-8442\" alt=\"\" srcset=\"https:\/\/irc.fon.bg.ac.rs\/wp-content\/uploads\/2023\/11\/EmpowerIT.png 1204w, https:\/\/irc.fon.bg.ac.rs\/wp-content\/uploads\/2023\/11\/EmpowerIT-300x225.png 300w, https:\/\/irc.fon.bg.ac.rs\/wp-content\/uploads\/2023\/11\/EmpowerIT-1024x769.png 1024w, https:\/\/irc.fon.bg.ac.rs\/wp-content\/uploads\/2023\/11\/EmpowerIT-768x577.png 768w, https:\/\/irc.fon.bg.ac.rs\/wp-content\/uploads\/2023\/11\/EmpowerIT-600x450.png 600w\" sizes=\"(max-width: 1204px) 100vw, 1204px\" \/><\/div><\/a>\n\t\t\t\t<div class=\"elementor-post__badge\">Challenges<\/div>\n\t\t\t\t<div class=\"elementor-post__text\">\n\t\t\t\t<h3 class=\"elementor-post__title\">\n\t\t\t<a href=\"https:\/\/irc.fon.bg.ac.rs\/en\/dogadjaji\/empower-it-humanitarni-izazov\/\" >\n\t\t\t\tEMPOWER IT \u2013 humanitarni izazov\t\t\t<\/a>\n\t\t<\/h3>\n\t\t\t\t<div class=\"elementor-post__excerpt\">\n\t\t\t<p>Istra\u017eiva\u010dko-razvojni centar je u saradnji sa kompanijom, ManPower, organizovao humanitarni izazov EMPOWER IT, koji je inicirala pomenuta kompanija.<\/p>\n\t\t<\/div>\n\t\t\n\t\t<a class=\"elementor-post__read-more\" href=\"https:\/\/irc.fon.bg.ac.rs\/en\/dogadjaji\/empower-it-humanitarni-izazov\/\" aria-label=\"Read more about EMPOWER IT \u2013 humanitarni izazov\" tabindex=\"-1\" >\n\t\t\tRead more\t\t<\/a>\n\n\t\t\t\t<\/div>\n\t\t\t\t\t<\/div>\n\t\t<\/article>\n\t\t\t\t<article class=\"elementor-post elementor-grid-item post-8402 dogadjaji type-dogadjaji status-publish has-post-thumbnail hentry kategorija-izazovi\">\n\t\t\t<div class=\"elementor-post__card\">\n\t\t\t\t<a class=\"elementor-post__thumbnail__link\" href=\"https:\/\/irc.fon.bg.ac.rs\/en\/dogadjaji\/open-data-studentsko-takmicenje\/\" tabindex=\"-1\" ><div class=\"elementor-post__thumbnail\"><img decoding=\"async\" width=\"1080\" height=\"1080\" src=\"https:\/\/irc.fon.bg.ac.rs\/wp-content\/uploads\/2023\/11\/34.png\" class=\"attachment-full size-full wp-image-8418\" alt=\"\" srcset=\"https:\/\/irc.fon.bg.ac.rs\/wp-content\/uploads\/2023\/11\/34.png 1080w, https:\/\/irc.fon.bg.ac.rs\/wp-content\/uploads\/2023\/11\/34-300x300.png 300w, https:\/\/irc.fon.bg.ac.rs\/wp-content\/uploads\/2023\/11\/34-1024x1024.png 1024w, https:\/\/irc.fon.bg.ac.rs\/wp-content\/uploads\/2023\/11\/34-150x150.png 150w, https:\/\/irc.fon.bg.ac.rs\/wp-content\/uploads\/2023\/11\/34-768x768.png 768w, https:\/\/irc.fon.bg.ac.rs\/wp-content\/uploads\/2023\/11\/34-600x600.png 600w\" sizes=\"(max-width: 1080px) 100vw, 1080px\" \/><\/div><\/a>\n\t\t\t\t<div class=\"elementor-post__badge\">Challenges<\/div>\n\t\t\t\t<div class=\"elementor-post__text\">\n\t\t\t\t<h3 class=\"elementor-post__title\">\n\t\t\t<a href=\"https:\/\/irc.fon.bg.ac.rs\/en\/dogadjaji\/open-data-studentsko-takmicenje\/\" >\n\t\t\t\tOpen Data studentsko takmi\u010denje\t\t\t<\/a>\n\t\t<\/h3>\n\t\t\t\t<div class=\"elementor-post__excerpt\">\n\t\t\t<p>Istra\u017eiva\u010dko-razvojni centar je sa jednom od najve\u0107ih konsultatntskih kompanija u regionu, Egzakta Advisory, organizovao studentsko takmi\u010denje u oblasti otvorenih podataka,<\/p>\n\t\t<\/div>\n\t\t\n\t\t<a class=\"elementor-post__read-more\" href=\"https:\/\/irc.fon.bg.ac.rs\/en\/dogadjaji\/open-data-studentsko-takmicenje\/\" aria-label=\"Read more about Open Data studentsko takmi\u010denje\" tabindex=\"-1\" >\n\t\t\tRead more\t\t<\/a>\n\n\t\t\t\t<\/div>\n\t\t\t\t\t<\/div>\n\t\t<\/article>\n\t\t\t\t<\/div>\n\t\t\n\t\t\t\t<\/div>\n\t\t\t\t<\/div>\n\t\t            <\/div>\n        <\/div>\n                            <\/div>\n        <\/section>\n        \t\t\t\t\t<\/div>","protected":false},"excerpt":{"rendered":"","protected":false},"author":1,"featured_media":0,"parent":0,"menu_order":0,"comment_status":"closed","ping_status":"closed","template":"","meta":{"_acf_changed":false,"footnotes":""},"class_list":["post-7797","page","type-page","status-publish","hentry"],"acf":[],"_links":{"self":[{"href":"https:\/\/irc.fon.bg.ac.rs\/en\/wp-json\/wp\/v2\/pages\/7797","targetHints":{"allow":["GET"]}}],"collection":[{"href":"https:\/\/irc.fon.bg.ac.rs\/en\/wp-json\/wp\/v2\/pages"}],"about":[{"href":"https:\/\/irc.fon.bg.ac.rs\/en\/wp-json\/wp\/v2\/types\/page"}],"author":[{"embeddable":true,"href":"https:\/\/irc.fon.bg.ac.rs\/en\/wp-json\/wp\/v2\/users\/1"}],"replies":[{"embeddable":true,"href":"https:\/\/irc.fon.bg.ac.rs\/en\/wp-json\/wp\/v2\/comments?post=7797"}],"version-history":[{"count":5,"href":"https:\/\/irc.fon.bg.ac.rs\/en\/wp-json\/wp\/v2\/pages\/7797\/revisions"}],"predecessor-version":[{"id":7913,"href":"https:\/\/irc.fon.bg.ac.rs\/en\/wp-json\/wp\/v2\/pages\/7797\/revisions\/7913"}],"wp:attachment":[{"href":"https:\/\/irc.fon.bg.ac.rs\/en\/wp-json\/wp\/v2\/media?parent=7797"}],"curies":[{"name":"wp","href":"https:\/\/api.w.org\/{rel}","templated":true}]}}