{"id":6509,"date":"2023-03-11T11:27:49","date_gmt":"2023-03-11T11:27:49","guid":{"rendered":"https:\/\/irc.fon.bg.ac.rs\/?page_id=6509"},"modified":"2023-12-22T14:44:58","modified_gmt":"2023-12-22T14:44:58","slug":"desavanja","status":"publish","type":"page","link":"https:\/\/irc.fon.bg.ac.rs\/en\/desavanja\/","title":{"rendered":"Events"},"content":{"rendered":"<div data-elementor-type=\"wp-page\" data-elementor-id=\"6509\" class=\"elementor elementor-6509\" data-elementor-post-type=\"page\">\n\t\t\t\t\t\t\t        <section class=\"elementor-section elementor-top-section elementor-element elementor-element-607eab1 elementor-section-stretched elementor-section-boxed elementor-section-height-default elementor-section-height-default exad-glass-effect-no exad-sticky-section-no ct-header-fixed-none ct-row-max-none\" data-id=\"607eab1\" data-element_type=\"section\" data-settings=\"{&quot;stretch_section&quot;:&quot;section-stretched&quot;}\">\n            \n                        <div class=\"elementor-container elementor-column-gap-extended\">\n                    <div class=\"elementor-column elementor-col-100 elementor-top-column elementor-element elementor-element-da53b68 exad-glass-effect-no exad-sticky-section-no\" data-id=\"da53b68\" data-element_type=\"column\">\n            <div class=\"elementor-widget-wrap elementor-element-populated\">\n                        \t\t<div class=\"elementor-element elementor-element-b22f678 elementor-grid-3 elementor-grid-tablet-2 elementor-grid-mobile-1 elementor-posts--thumbnail-top elementor-card-shadow-yes elementor-posts__hover-gradient exad-sticky-section-no exad-glass-effect-no elementor-widget elementor-widget-posts\" data-id=\"b22f678\" data-element_type=\"widget\" data-settings=\"{&quot;cards_columns&quot;:&quot;3&quot;,&quot;cards_columns_tablet&quot;:&quot;2&quot;,&quot;cards_columns_mobile&quot;:&quot;1&quot;,&quot;cards_row_gap&quot;:{&quot;unit&quot;:&quot;px&quot;,&quot;size&quot;:35,&quot;sizes&quot;:[]},&quot;cards_row_gap_tablet&quot;:{&quot;unit&quot;:&quot;px&quot;,&quot;size&quot;:&quot;&quot;,&quot;sizes&quot;:[]},&quot;cards_row_gap_mobile&quot;:{&quot;unit&quot;:&quot;px&quot;,&quot;size&quot;:&quot;&quot;,&quot;sizes&quot;:[]}}\" data-widget_type=\"posts.cards\">\n\t\t\t\t<div class=\"elementor-widget-container\">\n\t\t\t<link rel=\"stylesheet\" href=\"https:\/\/irc.fon.bg.ac.rs\/wp-content\/plugins\/pro-elements\/assets\/css\/widget-posts.min.css\">\t\t<div class=\"elementor-posts-container elementor-posts elementor-posts--skin-cards elementor-grid\">\n\t\t\t\t<article class=\"elementor-post elementor-grid-item post-8981 dogadjaji type-dogadjaji status-publish has-post-thumbnail hentry kategorija-trening-programi\">\n\t\t\t<div class=\"elementor-post__card\">\n\t\t\t\t<a class=\"elementor-post__thumbnail__link\" href=\"https:\/\/irc.fon.bg.ac.rs\/en\/dogadjaji\/treci-ciklus-endava-project-management-trening-programa\/\" tabindex=\"-1\" ><div class=\"elementor-post__thumbnail\"><img fetchpriority=\"high\" decoding=\"async\" width=\"1882\" height=\"1280\" src=\"https:\/\/irc.fon.bg.ac.rs\/wp-content\/uploads\/2024\/02\/FONov-SAJT.png\" class=\"attachment-full size-full wp-image-8979\" alt=\"\" srcset=\"https:\/\/irc.fon.bg.ac.rs\/wp-content\/uploads\/2024\/02\/FONov-SAJT.png 1882w, https:\/\/irc.fon.bg.ac.rs\/wp-content\/uploads\/2024\/02\/FONov-SAJT-300x204.png 300w, https:\/\/irc.fon.bg.ac.rs\/wp-content\/uploads\/2024\/02\/FONov-SAJT-1024x696.png 1024w, https:\/\/irc.fon.bg.ac.rs\/wp-content\/uploads\/2024\/02\/FONov-SAJT-768x522.png 768w, https:\/\/irc.fon.bg.ac.rs\/wp-content\/uploads\/2024\/02\/FONov-SAJT-1536x1045.png 1536w, https:\/\/irc.fon.bg.ac.rs\/wp-content\/uploads\/2024\/02\/FONov-SAJT-18x12.png 18w\" sizes=\"(max-width: 1882px) 100vw, 1882px\" \/><\/div><\/a>\n\t\t\t\t<div class=\"elementor-post__badge\">Training programs<\/div>\n\t\t\t\t<div class=\"elementor-post__text\">\n\t\t\t\t<h3 class=\"elementor-post__title\">\n\t\t\t<a href=\"https:\/\/irc.fon.bg.ac.rs\/en\/dogadjaji\/treci-ciklus-endava-project-management-trening-programa\/\" >\n\t\t\t\tTre\u0107i ciklus Endava Project Management trening programa\t\t\t<\/a>\n\t\t<\/h3>\n\t\t\t\t<div class=\"elementor-post__excerpt\">\n\t\t\t<p>Eksperti iz kompanije Endava \u0107e tokom tre\u0107eg ciklusa programa studente upoznati sa osnovnim principima upravljanja IT projekata sa fokusom na Agilni pristup u razvoju softverskih proizvoda, Biznis analizi i DevOps principima.<\/p>\n\t\t<\/div>\n\t\t\n\t\t<a class=\"elementor-post__read-more\" href=\"https:\/\/irc.fon.bg.ac.rs\/en\/dogadjaji\/treci-ciklus-endava-project-management-trening-programa\/\" aria-label=\"Read more about Tre\u0107i ciklus Endava Project Management trening programa\" tabindex=\"-1\" >\n\t\t\tRead more\t\t<\/a>\n\n\t\t\t\t<\/div>\n\t\t\t\t\t<\/div>\n\t\t<\/article>\n\t\t\t\t<article class=\"elementor-post elementor-grid-item post-8385 dogadjaji type-dogadjaji status-publish has-post-thumbnail hentry kategorija-trening-programi\">\n\t\t\t<div class=\"elementor-post__card\">\n\t\t\t\t<a class=\"elementor-post__thumbnail__link\" href=\"https:\/\/irc.fon.bg.ac.rs\/en\/dogadjaji\/sama\/\" tabindex=\"-1\" ><div class=\"elementor-post__thumbnail\"><img decoding=\"async\" width=\"2560\" height=\"1707\" src=\"https:\/\/irc.fon.bg.ac.rs\/wp-content\/uploads\/2023\/11\/DSC_1159-scaled.jpg\" class=\"attachment-full size-full wp-image-8386\" alt=\"\" srcset=\"https:\/\/irc.fon.bg.ac.rs\/wp-content\/uploads\/2023\/11\/DSC_1159-scaled.jpg 2560w, https:\/\/irc.fon.bg.ac.rs\/wp-content\/uploads\/2023\/11\/DSC_1159-300x200.jpg 300w, https:\/\/irc.fon.bg.ac.rs\/wp-content\/uploads\/2023\/11\/DSC_1159-1024x683.jpg 1024w, https:\/\/irc.fon.bg.ac.rs\/wp-content\/uploads\/2023\/11\/DSC_1159-768x512.jpg 768w, https:\/\/irc.fon.bg.ac.rs\/wp-content\/uploads\/2023\/11\/DSC_1159-1536x1024.jpg 1536w, https:\/\/irc.fon.bg.ac.rs\/wp-content\/uploads\/2023\/11\/DSC_1159-2048x1365.jpg 2048w, https:\/\/irc.fon.bg.ac.rs\/wp-content\/uploads\/2023\/11\/DSC_1159-600x400.jpg 600w\" sizes=\"(max-width: 2560px) 100vw, 2560px\" \/><\/div><\/a>\n\t\t\t\t<div class=\"elementor-post__badge\">Training programs<\/div>\n\t\t\t\t<div class=\"elementor-post__text\">\n\t\t\t\t<h3 class=\"elementor-post__title\">\n\t\t\t<a href=\"https:\/\/irc.fon.bg.ac.rs\/en\/dogadjaji\/sama\/\" >\n\t\t\t\tSAMA &#8211; \u201eSkyrocket Account Management Academy\u201c\t\t\t<\/a>\n\t\t<\/h3>\n\t\t\t\t<div class=\"elementor-post__excerpt\">\n\t\t\t<p>Istra\u017eiva\u010dko-razvojni centar je u aprilu 2023. godine u saradnji sa partnerskim kompanijama CodeIT i Growit Agile organizovao \u201eSkyrocket Account Management Academy\u201c, ili me\u0111u studentima poznatiju kao SAMA.<\/p>\n\t\t<\/div>\n\t\t\n\t\t<a class=\"elementor-post__read-more\" href=\"https:\/\/irc.fon.bg.ac.rs\/en\/dogadjaji\/sama\/\" aria-label=\"Read more about SAMA &#8211; \u201eSkyrocket Account Management Academy\u201c\" tabindex=\"-1\" >\n\t\t\tRead more\t\t<\/a>\n\n\t\t\t\t<\/div>\n\t\t\t\t\t<\/div>\n\t\t<\/article>\n\t\t\t\t<article class=\"elementor-post elementor-grid-item post-8427 dogadjaji type-dogadjaji status-publish has-post-thumbnail hentry kategorija-izazovi\">\n\t\t\t<div class=\"elementor-post__card\">\n\t\t\t\t<a class=\"elementor-post__thumbnail__link\" href=\"https:\/\/irc.fon.bg.ac.rs\/en\/dogadjaji\/renovation-case-challenge\/\" tabindex=\"-1\" ><div class=\"elementor-post__thumbnail\"><img decoding=\"async\" width=\"2560\" height=\"1707\" src=\"https:\/\/irc.fon.bg.ac.rs\/wp-content\/uploads\/2023\/11\/DSC_0333-scaled.jpg\" class=\"attachment-full size-full wp-image-8433\" alt=\"\" srcset=\"https:\/\/irc.fon.bg.ac.rs\/wp-content\/uploads\/2023\/11\/DSC_0333-scaled.jpg 2560w, https:\/\/irc.fon.bg.ac.rs\/wp-content\/uploads\/2023\/11\/DSC_0333-300x200.jpg 300w, https:\/\/irc.fon.bg.ac.rs\/wp-content\/uploads\/2023\/11\/DSC_0333-1024x683.jpg 1024w, https:\/\/irc.fon.bg.ac.rs\/wp-content\/uploads\/2023\/11\/DSC_0333-768x512.jpg 768w, https:\/\/irc.fon.bg.ac.rs\/wp-content\/uploads\/2023\/11\/DSC_0333-1536x1024.jpg 1536w, https:\/\/irc.fon.bg.ac.rs\/wp-content\/uploads\/2023\/11\/DSC_0333-2048x1365.jpg 2048w, https:\/\/irc.fon.bg.ac.rs\/wp-content\/uploads\/2023\/11\/DSC_0333-600x400.jpg 600w\" sizes=\"(max-width: 2560px) 100vw, 2560px\" \/><\/div><\/a>\n\t\t\t\t<div class=\"elementor-post__badge\">Challenges<\/div>\n\t\t\t\t<div class=\"elementor-post__text\">\n\t\t\t\t<h3 class=\"elementor-post__title\">\n\t\t\t<a href=\"https:\/\/irc.fon.bg.ac.rs\/en\/dogadjaji\/renovation-case-challenge\/\" >\n\t\t\t\t\u201eR\u00e9novation\u201c case challenge\t\t\t<\/a>\n\t\t<\/h3>\n\t\t\t\t<div class=\"elementor-post__excerpt\">\n\t\t\t<p>Pozivamo sve studentske timove da prihvate izazov i kreiraju novo korisni\u010dko iskustvo u \u0161opingu na prvom \u201er\u00e9novation\u201c case challenge-u koji se organizuje od 19. do 27. maja u saradnji sa kompanijom MPC Properties.<\/p>\n\t\t<\/div>\n\t\t\n\t\t<a class=\"elementor-post__read-more\" href=\"https:\/\/irc.fon.bg.ac.rs\/en\/dogadjaji\/renovation-case-challenge\/\" aria-label=\"Read more about \u201eR\u00e9novation\u201c case challenge\" tabindex=\"-1\" >\n\t\t\tRead more\t\t<\/a>\n\n\t\t\t\t<\/div>\n\t\t\t\t\t<\/div>\n\t\t<\/article>\n\t\t\t\t<article class=\"elementor-post elementor-grid-item post-8613 dogadjaji type-dogadjaji status-publish has-post-thumbnail hentry kategorija-trening-programi\">\n\t\t\t<div class=\"elementor-post__card\">\n\t\t\t\t<a class=\"elementor-post__thumbnail__link\" href=\"https:\/\/irc.fon.bg.ac.rs\/en\/dogadjaji\/endava-project-management-trening-program\/\" tabindex=\"-1\" ><div class=\"elementor-post__thumbnail\"><img loading=\"lazy\" decoding=\"async\" width=\"2000\" height=\"1414\" src=\"https:\/\/irc.fon.bg.ac.rs\/wp-content\/uploads\/2023\/11\/10.png\" class=\"attachment-full size-full wp-image-8614\" alt=\"\" srcset=\"https:\/\/irc.fon.bg.ac.rs\/wp-content\/uploads\/2023\/11\/10.png 2000w, https:\/\/irc.fon.bg.ac.rs\/wp-content\/uploads\/2023\/11\/10-300x212.png 300w, https:\/\/irc.fon.bg.ac.rs\/wp-content\/uploads\/2023\/11\/10-1024x724.png 1024w, https:\/\/irc.fon.bg.ac.rs\/wp-content\/uploads\/2023\/11\/10-768x543.png 768w, https:\/\/irc.fon.bg.ac.rs\/wp-content\/uploads\/2023\/11\/10-1536x1086.png 1536w, https:\/\/irc.fon.bg.ac.rs\/wp-content\/uploads\/2023\/11\/10-600x424.png 600w\" sizes=\"(max-width: 2000px) 100vw, 2000px\" \/><\/div><\/a>\n\t\t\t\t<div class=\"elementor-post__badge\">Training programs<\/div>\n\t\t\t\t<div class=\"elementor-post__text\">\n\t\t\t\t<h3 class=\"elementor-post__title\">\n\t\t\t<a href=\"https:\/\/irc.fon.bg.ac.rs\/en\/dogadjaji\/endava-project-management-trening-program\/\" >\n\t\t\t\tEndava Project Management Trening Program\t\t\t<\/a>\n\t\t<\/h3>\n\t\t\t\t<div class=\"elementor-post__excerpt\">\n\t\t\t<p>Eksperti iz kompanije Endava su studente upoznali sa osnovnim principima upravljanja IT projekata sa fokusom na Agilni pristup u razvoju softverskih proizvoda, Biznis analizu kao posebnu disciplinu i DevOps principe i metodologije rada.<\/p>\n\t\t<\/div>\n\t\t\n\t\t<a class=\"elementor-post__read-more\" href=\"https:\/\/irc.fon.bg.ac.rs\/en\/dogadjaji\/endava-project-management-trening-program\/\" aria-label=\"Read more about Endava Project Management Trening Program\" tabindex=\"-1\" >\n\t\t\tRead more\t\t<\/a>\n\n\t\t\t\t<\/div>\n\t\t\t\t\t<\/div>\n\t\t<\/article>\n\t\t\t\t<article class=\"elementor-post elementor-grid-item post-8435 dogadjaji type-dogadjaji status-publish has-post-thumbnail hentry kategorija-mentorstvo\">\n\t\t\t<div class=\"elementor-post__card\">\n\t\t\t\t<a class=\"elementor-post__thumbnail__link\" href=\"https:\/\/irc.fon.bg.ac.rs\/en\/dogadjaji\/route2launch-startap-mentorski-program\/\" tabindex=\"-1\" ><div class=\"elementor-post__thumbnail\"><img loading=\"lazy\" decoding=\"async\" width=\"2000\" height=\"1414\" src=\"https:\/\/irc.fon.bg.ac.rs\/wp-content\/uploads\/2023\/11\/5.png\" class=\"attachment-full size-full wp-image-8439\" alt=\"\" srcset=\"https:\/\/irc.fon.bg.ac.rs\/wp-content\/uploads\/2023\/11\/5.png 2000w, https:\/\/irc.fon.bg.ac.rs\/wp-content\/uploads\/2023\/11\/5-300x212.png 300w, https:\/\/irc.fon.bg.ac.rs\/wp-content\/uploads\/2023\/11\/5-1024x724.png 1024w, https:\/\/irc.fon.bg.ac.rs\/wp-content\/uploads\/2023\/11\/5-768x543.png 768w, https:\/\/irc.fon.bg.ac.rs\/wp-content\/uploads\/2023\/11\/5-1536x1086.png 1536w, https:\/\/irc.fon.bg.ac.rs\/wp-content\/uploads\/2023\/11\/5-600x424.png 600w\" sizes=\"(max-width: 2000px) 100vw, 2000px\" \/><\/div><\/a>\n\t\t\t\t<div class=\"elementor-post__badge\">Mentoring programs<\/div>\n\t\t\t\t<div class=\"elementor-post__text\">\n\t\t\t\t<h3 class=\"elementor-post__title\">\n\t\t\t<a href=\"https:\/\/irc.fon.bg.ac.rs\/en\/dogadjaji\/route2launch-startap-mentorski-program\/\" >\n\t\t\t\tRoute2Launch drugi ciklus startap mentorskog programa\t\t\t<\/a>\n\t\t<\/h3>\n\t\t\t\t<div class=\"elementor-post__excerpt\">\n\t\t\t<p>U okviru projekta \u201dPreduzmi ideju\u201d, Istra\u017eiva\u010dko-razvojni centar organizuje zajedno sa Inicijativom Digitalna Srbija i drugim partnerima iz ekosistema, a uz podr\u0161ku Usaid Srbija, startap mentorski trening program \u201dRoute2Launch\u201d za sve studentske timove, koji \u017eele da<\/p>\n\t\t<\/div>\n\t\t\n\t\t<a class=\"elementor-post__read-more\" href=\"https:\/\/irc.fon.bg.ac.rs\/en\/dogadjaji\/route2launch-startap-mentorski-program\/\" aria-label=\"Read more about Route2Launch drugi ciklus startap mentorskog programa\" tabindex=\"-1\" >\n\t\t\tRead more\t\t<\/a>\n\n\t\t\t\t<\/div>\n\t\t\t\t\t<\/div>\n\t\t<\/article>\n\t\t\t\t<article class=\"elementor-post elementor-grid-item post-8441 dogadjaji type-dogadjaji status-publish has-post-thumbnail hentry kategorija-izazovi\">\n\t\t\t<div class=\"elementor-post__card\">\n\t\t\t\t<a class=\"elementor-post__thumbnail__link\" href=\"https:\/\/irc.fon.bg.ac.rs\/en\/dogadjaji\/empower-it-humanitarni-izazov\/\" tabindex=\"-1\" ><div class=\"elementor-post__thumbnail\"><img loading=\"lazy\" decoding=\"async\" width=\"1204\" height=\"904\" src=\"https:\/\/irc.fon.bg.ac.rs\/wp-content\/uploads\/2023\/11\/EmpowerIT.png\" class=\"attachment-full size-full wp-image-8442\" alt=\"\" srcset=\"https:\/\/irc.fon.bg.ac.rs\/wp-content\/uploads\/2023\/11\/EmpowerIT.png 1204w, https:\/\/irc.fon.bg.ac.rs\/wp-content\/uploads\/2023\/11\/EmpowerIT-300x225.png 300w, https:\/\/irc.fon.bg.ac.rs\/wp-content\/uploads\/2023\/11\/EmpowerIT-1024x769.png 1024w, https:\/\/irc.fon.bg.ac.rs\/wp-content\/uploads\/2023\/11\/EmpowerIT-768x577.png 768w, https:\/\/irc.fon.bg.ac.rs\/wp-content\/uploads\/2023\/11\/EmpowerIT-600x450.png 600w\" sizes=\"(max-width: 1204px) 100vw, 1204px\" \/><\/div><\/a>\n\t\t\t\t<div class=\"elementor-post__badge\">Challenges<\/div>\n\t\t\t\t<div class=\"elementor-post__text\">\n\t\t\t\t<h3 class=\"elementor-post__title\">\n\t\t\t<a href=\"https:\/\/irc.fon.bg.ac.rs\/en\/dogadjaji\/empower-it-humanitarni-izazov\/\" >\n\t\t\t\tEMPOWER IT \u2013 humanitarni izazov\t\t\t<\/a>\n\t\t<\/h3>\n\t\t\t\t<div class=\"elementor-post__excerpt\">\n\t\t\t<p>Istra\u017eiva\u010dko-razvojni centar je u saradnji sa kompanijom, ManPower, organizovao humanitarni izazov EMPOWER IT, koji je inicirala pomenuta kompanija.<\/p>\n\t\t<\/div>\n\t\t\n\t\t<a class=\"elementor-post__read-more\" href=\"https:\/\/irc.fon.bg.ac.rs\/en\/dogadjaji\/empower-it-humanitarni-izazov\/\" aria-label=\"Read more about EMPOWER IT \u2013 humanitarni izazov\" tabindex=\"-1\" >\n\t\t\tRead more\t\t<\/a>\n\n\t\t\t\t<\/div>\n\t\t\t\t\t<\/div>\n\t\t<\/article>\n\t\t\t\t<article class=\"elementor-post elementor-grid-item post-8438 dogadjaji type-dogadjaji status-publish has-post-thumbnail hentry kategorija-trening-programi\">\n\t\t\t<div class=\"elementor-post__card\">\n\t\t\t\t<a class=\"elementor-post__thumbnail__link\" href=\"https:\/\/irc.fon.bg.ac.rs\/en\/dogadjaji\/erp-akademija\/\" tabindex=\"-1\" ><div class=\"elementor-post__thumbnail\"><img loading=\"lazy\" decoding=\"async\" width=\"950\" height=\"715\" src=\"https:\/\/irc.fon.bg.ac.rs\/wp-content\/uploads\/2023\/11\/ERP.jpeg\" class=\"attachment-full size-full wp-image-8440\" alt=\"\" srcset=\"https:\/\/irc.fon.bg.ac.rs\/wp-content\/uploads\/2023\/11\/ERP.jpeg 950w, https:\/\/irc.fon.bg.ac.rs\/wp-content\/uploads\/2023\/11\/ERP-300x226.jpeg 300w, https:\/\/irc.fon.bg.ac.rs\/wp-content\/uploads\/2023\/11\/ERP-768x578.jpeg 768w, https:\/\/irc.fon.bg.ac.rs\/wp-content\/uploads\/2023\/11\/ERP-600x452.jpeg 600w\" sizes=\"(max-width: 950px) 100vw, 950px\" \/><\/div><\/a>\n\t\t\t\t<div class=\"elementor-post__badge\">Training programs<\/div>\n\t\t\t\t<div class=\"elementor-post__text\">\n\t\t\t\t<h3 class=\"elementor-post__title\">\n\t\t\t<a href=\"https:\/\/irc.fon.bg.ac.rs\/en\/dogadjaji\/erp-akademija\/\" >\n\t\t\t\tERP Akademija\t\t\t<\/a>\n\t\t<\/h3>\n\t\t\t\t<div class=\"elementor-post__excerpt\">\n\t\t\t<p>Istra\u017eiva\u010dko-razvojni centar FON-a je u saradnji sa partnerskom kompanijom Sa.Global u periodu od 24. aprila do 18. maja 2023. godine, organizovao \u201d ERP Academy\u201c nemenjenu kontinuiranom i prakti\u010dnom radu u Microsoft Dynamics 365 softveru.<\/p>\n\t\t<\/div>\n\t\t\n\t\t<a class=\"elementor-post__read-more\" href=\"https:\/\/irc.fon.bg.ac.rs\/en\/dogadjaji\/erp-akademija\/\" aria-label=\"Read more about ERP Akademija\" tabindex=\"-1\" >\n\t\t\tRead more\t\t<\/a>\n\n\t\t\t\t<\/div>\n\t\t\t\t\t<\/div>\n\t\t<\/article>\n\t\t\t\t<article class=\"elementor-post elementor-grid-item post-8402 dogadjaji type-dogadjaji status-publish has-post-thumbnail hentry kategorija-izazovi\">\n\t\t\t<div class=\"elementor-post__card\">\n\t\t\t\t<a class=\"elementor-post__thumbnail__link\" href=\"https:\/\/irc.fon.bg.ac.rs\/en\/dogadjaji\/open-data-studentsko-takmicenje\/\" tabindex=\"-1\" ><div class=\"elementor-post__thumbnail\"><img loading=\"lazy\" decoding=\"async\" width=\"1080\" height=\"1080\" src=\"https:\/\/irc.fon.bg.ac.rs\/wp-content\/uploads\/2023\/11\/34.png\" class=\"attachment-full size-full wp-image-8418\" alt=\"\" srcset=\"https:\/\/irc.fon.bg.ac.rs\/wp-content\/uploads\/2023\/11\/34.png 1080w, https:\/\/irc.fon.bg.ac.rs\/wp-content\/uploads\/2023\/11\/34-300x300.png 300w, https:\/\/irc.fon.bg.ac.rs\/wp-content\/uploads\/2023\/11\/34-1024x1024.png 1024w, https:\/\/irc.fon.bg.ac.rs\/wp-content\/uploads\/2023\/11\/34-150x150.png 150w, https:\/\/irc.fon.bg.ac.rs\/wp-content\/uploads\/2023\/11\/34-768x768.png 768w, https:\/\/irc.fon.bg.ac.rs\/wp-content\/uploads\/2023\/11\/34-600x600.png 600w\" sizes=\"(max-width: 1080px) 100vw, 1080px\" \/><\/div><\/a>\n\t\t\t\t<div class=\"elementor-post__badge\">Challenges<\/div>\n\t\t\t\t<div class=\"elementor-post__text\">\n\t\t\t\t<h3 class=\"elementor-post__title\">\n\t\t\t<a href=\"https:\/\/irc.fon.bg.ac.rs\/en\/dogadjaji\/open-data-studentsko-takmicenje\/\" >\n\t\t\t\tOpen Data studentsko takmi\u010denje\t\t\t<\/a>\n\t\t<\/h3>\n\t\t\t\t<div class=\"elementor-post__excerpt\">\n\t\t\t<p>Istra\u017eiva\u010dko-razvojni centar je sa jednom od najve\u0107ih konsultatntskih kompanija u regionu, Egzakta Advisory, organizovao studentsko takmi\u010denje u oblasti otvorenih podataka, u periodu od novembra do decembra 2022. godine.<\/p>\n\t\t<\/div>\n\t\t\n\t\t<a class=\"elementor-post__read-more\" href=\"https:\/\/irc.fon.bg.ac.rs\/en\/dogadjaji\/open-data-studentsko-takmicenje\/\" aria-label=\"Read more about Open Data studentsko takmi\u010denje\" tabindex=\"-1\" >\n\t\t\tRead more\t\t<\/a>\n\n\t\t\t\t<\/div>\n\t\t\t\t\t<\/div>\n\t\t<\/article>\n\t\t\t\t<article class=\"elementor-post elementor-grid-item post-8393 dogadjaji type-dogadjaji status-publish has-post-thumbnail hentry kategorija-trening-programi\">\n\t\t\t<div class=\"elementor-post__card\">\n\t\t\t\t<a class=\"elementor-post__thumbnail__link\" href=\"https:\/\/irc.fon.bg.ac.rs\/en\/dogadjaji\/%d0%be%d1%82p-youth-hub\/\" tabindex=\"-1\" ><div class=\"elementor-post__thumbnail\"><img loading=\"lazy\" decoding=\"async\" width=\"1920\" height=\"1080\" src=\"https:\/\/irc.fon.bg.ac.rs\/wp-content\/uploads\/2023\/11\/Copy-of-1092x1080-1.jpg\" class=\"attachment-full size-full wp-image-8408\" alt=\"\" srcset=\"https:\/\/irc.fon.bg.ac.rs\/wp-content\/uploads\/2023\/11\/Copy-of-1092x1080-1.jpg 1920w, https:\/\/irc.fon.bg.ac.rs\/wp-content\/uploads\/2023\/11\/Copy-of-1092x1080-1-300x169.jpg 300w, https:\/\/irc.fon.bg.ac.rs\/wp-content\/uploads\/2023\/11\/Copy-of-1092x1080-1-1024x576.jpg 1024w, https:\/\/irc.fon.bg.ac.rs\/wp-content\/uploads\/2023\/11\/Copy-of-1092x1080-1-768x432.jpg 768w, https:\/\/irc.fon.bg.ac.rs\/wp-content\/uploads\/2023\/11\/Copy-of-1092x1080-1-1536x864.jpg 1536w, https:\/\/irc.fon.bg.ac.rs\/wp-content\/uploads\/2023\/11\/Copy-of-1092x1080-1-600x338.jpg 600w\" sizes=\"(max-width: 1920px) 100vw, 1920px\" \/><\/div><\/a>\n\t\t\t\t<div class=\"elementor-post__badge\">Training programs<\/div>\n\t\t\t\t<div class=\"elementor-post__text\">\n\t\t\t\t<h3 class=\"elementor-post__title\">\n\t\t\t<a href=\"https:\/\/irc.fon.bg.ac.rs\/en\/dogadjaji\/%d0%be%d1%82p-youth-hub\/\" >\n\t\t\t\t\u041e\u0422P YOUTH HUB\t\t\t<\/a>\n\t\t<\/h3>\n\t\t\t\t<div class=\"elementor-post__excerpt\">\n\t\t\t<p>Istra\u017eiva\u010dko-razvojni centar FON-a je u saradnji sa partnerskom kompanijom OTP banka u periodu od 2. marta do 6. aprila 2023. godine, organizovao \u201dOTP YOUTH HUB\u201c finansijsku edukaciju studenata.<\/p>\n\t\t<\/div>\n\t\t\n\t\t<a class=\"elementor-post__read-more\" href=\"https:\/\/irc.fon.bg.ac.rs\/en\/dogadjaji\/%d0%be%d1%82p-youth-hub\/\" aria-label=\"Read more about \u041e\u0422P YOUTH HUB\" tabindex=\"-1\" >\n\t\t\tRead more\t\t<\/a>\n\n\t\t\t\t<\/div>\n\t\t\t\t\t<\/div>\n\t\t<\/article>\n\t\t\t\t<article class=\"elementor-post elementor-grid-item post-8339 dogadjaji type-dogadjaji status-publish has-post-thumbnail hentry kategorija-radionice\">\n\t\t\t<div class=\"elementor-post__card\">\n\t\t\t\t<a class=\"elementor-post__thumbnail__link\" href=\"https:\/\/irc.fon.bg.ac.rs\/en\/dogadjaji\/florence-days-na-fon-u\/\" tabindex=\"-1\" ><div class=\"elementor-post__thumbnail\"><img loading=\"lazy\" decoding=\"async\" width=\"635\" height=\"481\" src=\"https:\/\/irc.fon.bg.ac.rs\/wp-content\/uploads\/2023\/11\/Screenshot_1.png\" class=\"attachment-full size-full wp-image-8341\" alt=\"\" srcset=\"https:\/\/irc.fon.bg.ac.rs\/wp-content\/uploads\/2023\/11\/Screenshot_1.png 635w, https:\/\/irc.fon.bg.ac.rs\/wp-content\/uploads\/2023\/11\/Screenshot_1-300x227.png 300w, https:\/\/irc.fon.bg.ac.rs\/wp-content\/uploads\/2023\/11\/Screenshot_1-600x454.png 600w\" sizes=\"(max-width: 635px) 100vw, 635px\" \/><\/div><\/a>\n\t\t\t\t<div class=\"elementor-post__badge\">Workshops<\/div>\n\t\t\t\t<div class=\"elementor-post__text\">\n\t\t\t\t<h3 class=\"elementor-post__title\">\n\t\t\t<a href=\"https:\/\/irc.fon.bg.ac.rs\/en\/dogadjaji\/florence-days-na-fon-u\/\" >\n\t\t\t\tFlorence days na FON-u\t\t\t<\/a>\n\t\t<\/h3>\n\t\t\t\t<div class=\"elementor-post__excerpt\">\n\t\t\t<p>Maja 2023. godine Istra\u017eiva\u010dko razvojni centar je u saradnji sa partnerima iz kompanije Florence odr\u017eao trening program, u okviru koga su postojala dva dela. U prvom&nbsp; delu programa odr\u017eana je radionica \u201dKompanijska kultura\u201d, na kojoj<\/p>\n\t\t<\/div>\n\t\t\n\t\t<a class=\"elementor-post__read-more\" href=\"https:\/\/irc.fon.bg.ac.rs\/en\/dogadjaji\/florence-days-na-fon-u\/\" aria-label=\"Read more about Florence days na FON-u\" tabindex=\"-1\" >\n\t\t\tRead more\t\t<\/a>\n\n\t\t\t\t<\/div>\n\t\t\t\t\t<\/div>\n\t\t<\/article>\n\t\t\t\t<\/div>\n\t\t\n\t\t\t\t<\/div>\n\t\t\t\t<\/div>\n\t\t            <\/div>\n        <\/div>\n                            <\/div>\n        <\/section>\n        \t\t\t\t\t<\/div>","protected":false},"excerpt":{"rendered":"","protected":false},"author":1,"featured_media":0,"parent":0,"menu_order":0,"comment_status":"closed","ping_status":"closed","template":"","meta":{"_acf_changed":false,"footnotes":""},"class_list":["post-6509","page","type-page","status-publish","hentry"],"acf":[],"_links":{"self":[{"href":"https:\/\/irc.fon.bg.ac.rs\/en\/wp-json\/wp\/v2\/pages\/6509","targetHints":{"allow":["GET"]}}],"collection":[{"href":"https:\/\/irc.fon.bg.ac.rs\/en\/wp-json\/wp\/v2\/pages"}],"about":[{"href":"https:\/\/irc.fon.bg.ac.rs\/en\/wp-json\/wp\/v2\/types\/page"}],"author":[{"embeddable":true,"href":"https:\/\/irc.fon.bg.ac.rs\/en\/wp-json\/wp\/v2\/users\/1"}],"replies":[{"embeddable":true,"href":"https:\/\/irc.fon.bg.ac.rs\/en\/wp-json\/wp\/v2\/comments?post=6509"}],"version-history":[{"count":5,"href":"https:\/\/irc.fon.bg.ac.rs\/en\/wp-json\/wp\/v2\/pages\/6509\/revisions"}],"predecessor-version":[{"id":8826,"href":"https:\/\/irc.fon.bg.ac.rs\/en\/wp-json\/wp\/v2\/pages\/6509\/revisions\/8826"}],"wp:attachment":[{"href":"https:\/\/irc.fon.bg.ac.rs\/en\/wp-json\/wp\/v2\/media?parent=6509"}],"curies":[{"name":"wp","href":"https:\/\/api.w.org\/{rel}","templated":true}]}}