{"id":6490,"date":"2023-03-11T11:09:35","date_gmt":"2023-03-11T11:09:35","guid":{"rendered":"https:\/\/irc.fon.bg.ac.rs\/?page_id=6490"},"modified":"2023-12-08T15:23:05","modified_gmt":"2023-12-08T15:23:05","slug":"vesti","status":"publish","type":"page","link":"https:\/\/irc.fon.bg.ac.rs\/en\/vesti\/","title":{"rendered":"News"},"content":{"rendered":"<div data-elementor-type=\"wp-page\" data-elementor-id=\"6490\" class=\"elementor elementor-6490\" data-elementor-post-type=\"page\">\n\t\t\t\t\t\t\t        <section class=\"elementor-section elementor-top-section elementor-element elementor-element-3df308c elementor-section-boxed elementor-section-height-default elementor-section-height-default exad-glass-effect-no exad-sticky-section-no ct-header-fixed-none ct-row-max-none\" data-id=\"3df308c\" data-element_type=\"section\">\n            \n                        <div class=\"elementor-container elementor-column-gap-extended\">\n                    <div class=\"elementor-column elementor-col-100 elementor-top-column elementor-element elementor-element-95c454c exad-glass-effect-no exad-sticky-section-no\" data-id=\"95c454c\" data-element_type=\"column\">\n            <div class=\"elementor-widget-wrap elementor-element-populated\">\n                        \t\t<div class=\"elementor-element elementor-element-b97f62b exad-sticky-section-no exad-glass-effect-no elementor-widget elementor-widget-ct_blog_grid\" data-id=\"b97f62b\" data-element_type=\"widget\" data-widget_type=\"ct_blog_grid.default\">\n\t\t\t\t<div class=\"elementor-widget-container\">\n\t\t\t\r\n<div id=\"ct_blog_grid-b97f62b\" class=\"ct-grid ct-blog-grid ct-blog-grid-layout4\" data-layout=\"masonry\" data-start-page=\"1\" data-max-pages=\"2\" data-total=\"16\" data-perpage=\"10\" data-next-link=\"https:\/\/irc.fon.bg.ac.rs\/en\/wp-json\/wp\/v2\/pages\/6490\/page\/2\/\">\r\n    <div class=\"ct-grid-overlay\"><\/div>\r\n    \r\n    <div class=\"ct-grid-inner ct-grid-masonry row animate-time\" data-gutter=\"15\">\r\n                    <div class=\"grid-sizer col-xl-4 col-lg-4 col-md-6 col-sm-6 col-12\"><\/div>\r\n                                <div class=\"grid-item col-xl-4 col-lg-4 col-md-6 col-sm-6 col-12 filter-category-1\">\r\n                    <div class=\"grid-item-inner wow fadeInUp\">\r\n                                                    <div class=\"item--featured\">\r\n                                <a href=\"https:\/\/irc.fon.bg.ac.rs\/en\/uspesno-odrzan-general-pitch-rehearsal-u-htec-u-za-studentske-startape\/\"><img fetchpriority=\"high\" decoding=\"async\" class=\"disable-lazy no-lazyload\" src=\"https:\/\/irc.fon.bg.ac.rs\/wp-content\/uploads\/2025\/07\/R2L-Gen-Rhs-ppt-3-680x410.jpg\" width=\"680\" height=\"410\" alt=\"R2L Gen Rhs ppt (3)\" title=\"R2L Gen Rhs ppt (3)\" \/><\/a>\r\n                            <\/div>\r\n                                                <div class=\"item--body\">\r\n                            <div class=\"item--holder\">\r\n                                                                <h3 class=\"item--title\"><a href=\"https:\/\/irc.fon.bg.ac.rs\/en\/uspesno-odrzan-general-pitch-rehearsal-u-htec-u-za-studentske-startape\/\">Uspe\u0161no odr\u017ean General Pitch Rehearsal u HTEC-u za studentske startape!<\/a><\/h3>\r\n                                                                                                    <div class=\"item--readmore\">\r\n                                        <a class=\"btn-text2\" href=\"https:\/\/irc.fon.bg.ac.rs\/en\/uspesno-odrzan-general-pitch-rehearsal-u-htec-u-za-studentske-startape\/\">\r\n                                            Read more                                            <i class=\"flaticonv2 flaticonv2-right-arrow\"><\/i>\r\n                                        <\/a>\r\n                                    <\/div>\r\n                                                            <\/div>\r\n                        <\/div>\r\n                    <\/div>\r\n                <\/div>\r\n                            <div class=\"grid-item col-xl-4 col-lg-4 col-md-6 col-sm-6 col-12 filter-category-49\">\r\n                    <div class=\"grid-item-inner wow fadeInUp\">\r\n                                                    <div class=\"item--featured\">\r\n                                <a href=\"https:\/\/irc.fon.bg.ac.rs\/en\/fon-partner-u-razvoju-inovacionih-inkubatora-na-osam-naucnoistrazivackih-organizacija-u-srbiji\/\"><img decoding=\"async\" class=\"disable-lazy no-lazyload\" src=\"https:\/\/irc.fon.bg.ac.rs\/wp-content\/uploads\/2025\/03\/216707_1_orig-680x410.jpg\" width=\"680\" height=\"410\" alt=\"216707_1_orig\" title=\"216707_1_orig\" \/><\/a>\r\n                            <\/div>\r\n                                                <div class=\"item--body\">\r\n                            <div class=\"item--holder\">\r\n                                                                <h3 class=\"item--title\"><a href=\"https:\/\/irc.fon.bg.ac.rs\/en\/fon-partner-u-razvoju-inovacionih-inkubatora-na-osam-naucnoistrazivackih-organizacija-u-srbiji\/\">FON partner u razvoju inovacionih inkubatora na osam nau\u010dnoistra\u017eiva\u010dkih organizacija u Srbiji<\/a><\/h3>\r\n                                                                                                    <div class=\"item--readmore\">\r\n                                        <a class=\"btn-text2\" href=\"https:\/\/irc.fon.bg.ac.rs\/en\/fon-partner-u-razvoju-inovacionih-inkubatora-na-osam-naucnoistrazivackih-organizacija-u-srbiji\/\">\r\n                                            Read more                                            <i class=\"flaticonv2 flaticonv2-right-arrow\"><\/i>\r\n                                        <\/a>\r\n                                    <\/div>\r\n                                                            <\/div>\r\n                        <\/div>\r\n                    <\/div>\r\n                <\/div>\r\n                            <div class=\"grid-item col-xl-4 col-lg-4 col-md-6 col-sm-6 col-12 filter-category-1\">\r\n                    <div class=\"grid-item-inner wow fadeInUp\">\r\n                                                    <div class=\"item--featured\">\r\n                                <a href=\"https:\/\/irc.fon.bg.ac.rs\/en\/otvorene-prijave-za-route2launch4-startap-mentorski-program\/\"><img decoding=\"async\" class=\"disable-lazy no-lazyload\" src=\"https:\/\/irc.fon.bg.ac.rs\/wp-content\/uploads\/2024\/11\/Route2Launch4-1x1-2-680x410.png\" width=\"680\" height=\"410\" alt=\"Route2Launch#4 1x1\" title=\"Route2Launch#4 1x1\" \/><\/a>\r\n                            <\/div>\r\n                                                <div class=\"item--body\">\r\n                            <div class=\"item--holder\">\r\n                                                                <h3 class=\"item--title\"><a href=\"https:\/\/irc.fon.bg.ac.rs\/en\/otvorene-prijave-za-route2launch4-startap-mentorski-program\/\">Otvorene prijave za \u201eRoute2Launch#4\u201c startap mentorski program za studente svih univerziteta<\/a><\/h3>\r\n                                                                                                    <div class=\"item--readmore\">\r\n                                        <a class=\"btn-text2\" href=\"https:\/\/irc.fon.bg.ac.rs\/en\/otvorene-prijave-za-route2launch4-startap-mentorski-program\/\">\r\n                                            Read more                                            <i class=\"flaticonv2 flaticonv2-right-arrow\"><\/i>\r\n                                        <\/a>\r\n                                    <\/div>\r\n                                                            <\/div>\r\n                        <\/div>\r\n                    <\/div>\r\n                <\/div>\r\n                            <div class=\"grid-item col-xl-4 col-lg-4 col-md-6 col-sm-6 col-12 filter-category-1\">\r\n                    <div class=\"grid-item-inner wow fadeInUp\">\r\n                                                    <div class=\"item--featured\">\r\n                                <a href=\"https:\/\/irc.fon.bg.ac.rs\/en\/otpoceo-cetvrti-ciklus-expert2mentors-trening-program-za-nastavnike-i-saradnike-fon-a\/\"><img loading=\"lazy\" decoding=\"async\" class=\"disable-lazy no-lazyload\" src=\"https:\/\/irc.fon.bg.ac.rs\/wp-content\/uploads\/2024\/11\/20241025_090657299_iOS-scaled-680x410.jpg\" width=\"680\" height=\"410\" alt=\"20241025_090657299_iOS\" title=\"20241025_090657299_iOS\" \/><\/a>\r\n                            <\/div>\r\n                                                <div class=\"item--body\">\r\n                            <div class=\"item--holder\">\r\n                                                                <h3 class=\"item--title\"><a href=\"https:\/\/irc.fon.bg.ac.rs\/en\/otpoceo-cetvrti-ciklus-expert2mentors-trening-program-za-nastavnike-i-saradnike-fon-a\/\">Otpo\u010deo \u010detvrti ciklus \u201cExpert2Mentors\u201d trening program za nastavnike i saradnike FON-a<\/a><\/h3>\r\n                                                                                                    <div class=\"item--readmore\">\r\n                                        <a class=\"btn-text2\" href=\"https:\/\/irc.fon.bg.ac.rs\/en\/otpoceo-cetvrti-ciklus-expert2mentors-trening-program-za-nastavnike-i-saradnike-fon-a\/\">\r\n                                            Read more                                            <i class=\"flaticonv2 flaticonv2-right-arrow\"><\/i>\r\n                                        <\/a>\r\n                                    <\/div>\r\n                                                            <\/div>\r\n                        <\/div>\r\n                    <\/div>\r\n                <\/div>\r\n                            <div class=\"grid-item col-xl-4 col-lg-4 col-md-6 col-sm-6 col-12 filter-category-1\">\r\n                    <div class=\"grid-item-inner wow fadeInUp\">\r\n                                                    <div class=\"item--featured\">\r\n                                <a href=\"https:\/\/irc.fon.bg.ac.rs\/en\/promocija-knjige-zivot-preduzetnika-sase-popovica-na-fon-u\/\"><img loading=\"lazy\" decoding=\"async\" class=\"disable-lazy no-lazyload\" src=\"https:\/\/irc.fon.bg.ac.rs\/wp-content\/uploads\/2024\/11\/4-3-680x410.jpg\" width=\"680\" height=\"410\" alt=\"4-3\" title=\"4-3\" \/><\/a>\r\n                            <\/div>\r\n                                                <div class=\"item--body\">\r\n                            <div class=\"item--holder\">\r\n                                                                <h3 class=\"item--title\"><a href=\"https:\/\/irc.fon.bg.ac.rs\/en\/promocija-knjige-zivot-preduzetnika-sase-popovica-na-fon-u\/\">Promocija knjige &#8220;\u017divot preduzetnika&#8221; autora Sa\u0161e Popovi\u0107a na FON-u: Pri\u010da o putu do uspeha<\/a><\/h3>\r\n                                                                                                    <div class=\"item--readmore\">\r\n                                        <a class=\"btn-text2\" href=\"https:\/\/irc.fon.bg.ac.rs\/en\/promocija-knjige-zivot-preduzetnika-sase-popovica-na-fon-u\/\">\r\n                                            Read more                                            <i class=\"flaticonv2 flaticonv2-right-arrow\"><\/i>\r\n                                        <\/a>\r\n                                    <\/div>\r\n                                                            <\/div>\r\n                        <\/div>\r\n                    <\/div>\r\n                <\/div>\r\n                            <div class=\"grid-item col-xl-4 col-lg-4 col-md-6 col-sm-6 col-12 filter-category-1\">\r\n                    <div class=\"grid-item-inner wow fadeInUp\">\r\n                                                    <div class=\"item--featured\">\r\n                                <a href=\"https:\/\/irc.fon.bg.ac.rs\/en\/sa-fon-a-lansirani-studentski-startapi-u-inovacioni-ekosistem-lansiranje-2024\/\"><img loading=\"lazy\" decoding=\"async\" class=\"disable-lazy no-lazyload\" src=\"https:\/\/irc.fon.bg.ac.rs\/wp-content\/uploads\/2024\/11\/Lansiranje-2024-MinaPhaunovic-9-of-9-2-scaled-680x410.jpg\" width=\"680\" height=\"410\" alt=\"Lansiranje 2024\" title=\"Lansiranje 2024\" \/><\/a>\r\n                            <\/div>\r\n                                                <div class=\"item--body\">\r\n                            <div class=\"item--holder\">\r\n                                                                <h3 class=\"item--title\"><a href=\"https:\/\/irc.fon.bg.ac.rs\/en\/sa-fon-a-lansirani-studentski-startapi-u-inovacioni-ekosistem-lansiranje-2024\/\">Lansiranje 2024 &#8211; Studentski startapi sa FON-a predstavili se ekosistemu i potencijalnim investitorima<\/a><\/h3>\r\n                                                                                                    <div class=\"item--readmore\">\r\n                                        <a class=\"btn-text2\" href=\"https:\/\/irc.fon.bg.ac.rs\/en\/sa-fon-a-lansirani-studentski-startapi-u-inovacioni-ekosistem-lansiranje-2024\/\">\r\n                                            Read more                                            <i class=\"flaticonv2 flaticonv2-right-arrow\"><\/i>\r\n                                        <\/a>\r\n                                    <\/div>\r\n                                                            <\/div>\r\n                        <\/div>\r\n                    <\/div>\r\n                <\/div>\r\n                            <div class=\"grid-item col-xl-4 col-lg-4 col-md-6 col-sm-6 col-12 filter-category-1\">\r\n                    <div class=\"grid-item-inner wow fadeInUp\">\r\n                                                    <div class=\"item--featured\">\r\n                                <a href=\"https:\/\/irc.fon.bg.ac.rs\/en\/%d0%bd%d0%b0-%d1%84%d0%be%d0%bd-%d1%83-%d0%bf%d0%be%d0%ba%d1%80%d0%b5%d0%bd%d1%83%d1%82-reventure-%d0%bf%d1%80%d0%be%d0%b3%d1%80%d0%b0%d0%bc-%d0%b7%d0%b0%d1%98%d0%b5%d0%b4%d0%bd\/\"><img loading=\"lazy\" decoding=\"async\" class=\"disable-lazy no-lazyload\" src=\"https:\/\/irc.fon.bg.ac.rs\/wp-content\/uploads\/2024\/03\/SLIKA-1-680x410.png\" width=\"680\" height=\"410\" alt=\"SLIKA 1\" title=\"SLIKA 1\" \/><\/a>\r\n                            <\/div>\r\n                                                <div class=\"item--body\">\r\n                            <div class=\"item--holder\">\r\n                                                                <h3 class=\"item--title\"><a href=\"https:\/\/irc.fon.bg.ac.rs\/en\/%d0%bd%d0%b0-%d1%84%d0%be%d0%bd-%d1%83-%d0%bf%d0%be%d0%ba%d1%80%d0%b5%d0%bd%d1%83%d1%82-reventure-%d0%bf%d1%80%d0%be%d0%b3%d1%80%d0%b0%d0%bc-%d0%b7%d0%b0%d1%98%d0%b5%d0%b4%d0%bd\/\">Na FON-u pokrenut \u201cReVenture\u201d program zajedni\u010dkog razvoja startapa sa partnerskim kompanijama<\/a><\/h3>\r\n                                                                                                    <div class=\"item--readmore\">\r\n                                        <a class=\"btn-text2\" href=\"https:\/\/irc.fon.bg.ac.rs\/en\/%d0%bd%d0%b0-%d1%84%d0%be%d0%bd-%d1%83-%d0%bf%d0%be%d0%ba%d1%80%d0%b5%d0%bd%d1%83%d1%82-reventure-%d0%bf%d1%80%d0%be%d0%b3%d1%80%d0%b0%d0%bc-%d0%b7%d0%b0%d1%98%d0%b5%d0%b4%d0%bd\/\">\r\n                                            Read more                                            <i class=\"flaticonv2 flaticonv2-right-arrow\"><\/i>\r\n                                        <\/a>\r\n                                    <\/div>\r\n                                                            <\/div>\r\n                        <\/div>\r\n                    <\/div>\r\n                <\/div>\r\n                            <div class=\"grid-item col-xl-4 col-lg-4 col-md-6 col-sm-6 col-12 filter-category-1\">\r\n                    <div class=\"grid-item-inner wow fadeInUp\">\r\n                                                    <div class=\"item--featured\">\r\n                                <a href=\"https:\/\/irc.fon.bg.ac.rs\/en\/generacija-buducnosti-studentski-startapi-postavljaju-nove-standarde\/\"><img loading=\"lazy\" decoding=\"async\" class=\"disable-lazy no-lazyload\" src=\"https:\/\/irc.fon.bg.ac.rs\/wp-content\/uploads\/2024\/03\/DSC_7748-scaled-680x410.jpg\" width=\"680\" height=\"410\" alt=\"DSC_7748\" title=\"DSC_7748\" \/><\/a>\r\n                            <\/div>\r\n                                                <div class=\"item--body\">\r\n                            <div class=\"item--holder\">\r\n                                                                <h3 class=\"item--title\"><a href=\"https:\/\/irc.fon.bg.ac.rs\/en\/generacija-buducnosti-studentski-startapi-postavljaju-nove-standarde\/\">Generacija budu\u0107nosti: studentski startapi postavljaju nove standarde<\/a><\/h3>\r\n                                                                                                    <div class=\"item--readmore\">\r\n                                        <a class=\"btn-text2\" href=\"https:\/\/irc.fon.bg.ac.rs\/en\/generacija-buducnosti-studentski-startapi-postavljaju-nove-standarde\/\">\r\n                                            Read more                                            <i class=\"flaticonv2 flaticonv2-right-arrow\"><\/i>\r\n                                        <\/a>\r\n                                    <\/div>\r\n                                                            <\/div>\r\n                        <\/div>\r\n                    <\/div>\r\n                <\/div>\r\n                            <div class=\"grid-item col-xl-4 col-lg-4 col-md-6 col-sm-6 col-12 filter-category-1\">\r\n                    <div class=\"grid-item-inner wow fadeInUp\">\r\n                                                    <div class=\"item--featured\">\r\n                                <a href=\"https:\/\/irc.fon.bg.ac.rs\/en\/otvorene-prijave-za-endava-project-management-trening-program\/\"><img loading=\"lazy\" decoding=\"async\" class=\"disable-lazy no-lazyload\" src=\"https:\/\/irc.fon.bg.ac.rs\/wp-content\/uploads\/2024\/02\/FONov-SAJT-680x410.png\" width=\"680\" height=\"410\" alt=\"FONov SAJT\" title=\"FONov SAJT\" \/><\/a>\r\n                            <\/div>\r\n                                                <div class=\"item--body\">\r\n                            <div class=\"item--holder\">\r\n                                                                <h3 class=\"item--title\"><a href=\"https:\/\/irc.fon.bg.ac.rs\/en\/otvorene-prijave-za-endava-project-management-trening-program\/\">Open applications for the Endava Project Management training program<\/a><\/h3>\r\n                                                                                                    <div class=\"item--readmore\">\r\n                                        <a class=\"btn-text2\" href=\"https:\/\/irc.fon.bg.ac.rs\/en\/otvorene-prijave-za-endava-project-management-trening-program\/\">\r\n                                            Read more                                            <i class=\"flaticonv2 flaticonv2-right-arrow\"><\/i>\r\n                                        <\/a>\r\n                                    <\/div>\r\n                                                            <\/div>\r\n                        <\/div>\r\n                    <\/div>\r\n                <\/div>\r\n                            <div class=\"grid-item col-xl-4 col-lg-4 col-md-6 col-sm-6 col-12 filter-category-49\">\r\n                    <div class=\"grid-item-inner wow fadeInUp\">\r\n                                                    <div class=\"item--featured\">\r\n                                <a href=\"https:\/\/irc.fon.bg.ac.rs\/en\/otvorene-prijave-za-route2launch3-startap-mentorski-program\/\"><img loading=\"lazy\" decoding=\"async\" class=\"disable-lazy no-lazyload\" src=\"https:\/\/irc.fon.bg.ac.rs\/wp-content\/uploads\/2023\/11\/R2L3-169-key-visual-1-680x410.png\" width=\"680\" height=\"410\" alt=\"R2L#3 169 key visual - 1\" title=\"R2L#3 169 key visual - 1\" \/><\/a>\r\n                            <\/div>\r\n                                                <div class=\"item--body\">\r\n                            <div class=\"item--holder\">\r\n                                                                <h3 class=\"item--title\"><a href=\"https:\/\/irc.fon.bg.ac.rs\/en\/otvorene-prijave-za-route2launch3-startap-mentorski-program\/\">The applications are open for the 'Route2Launch#3' startup mentorship program.<\/a><\/h3>\r\n                                                                                                    <div class=\"item--readmore\">\r\n                                        <a class=\"btn-text2\" href=\"https:\/\/irc.fon.bg.ac.rs\/en\/otvorene-prijave-za-route2launch3-startap-mentorski-program\/\">\r\n                                            Read more                                            <i class=\"flaticonv2 flaticonv2-right-arrow\"><\/i>\r\n                                        <\/a>\r\n                                    <\/div>\r\n                                                            <\/div>\r\n                        <\/div>\r\n                    <\/div>\r\n                <\/div>\r\n                <\/div>\r\n        <\/div>\t\t<\/div>\n\t\t\t\t<\/div>\n\t\t            <\/div>\n        <\/div>\n                            <\/div>\n        <\/section>\n        \t\t\t\t\t<\/div>","protected":false},"excerpt":{"rendered":"<p>Uspe\u0161no je zavr\u0161ena \u201cNedelja studenata startapa\u201d, koja \u0107e ostati upam\u0107ena kao jedan od najinovativnijih doga\u0111aja u domenu studentskih startapa. S rado\u0161\u0107u izve\u0161tavamo da je ova manifestacija okupila najbolje mlade inovatore i preduzetnike iz celog regiona, stvaraju\u0107i pozitivnu atmosferu za razmenu ideja i znanja. \u017delimo da se zahvalimo svim partnerima, kao i predstavnicima organizacija za podr\u0161ku startapima, koji su zajedno sa nama omogu\u0107ili realizaciju ovog projekta.<\/p>\n<p>Prvog dana doga\u0111aja, 25. oktobra, odr\u017eane su dve radionice za studente na temu \u201cKako izgraditi startap tim?\u201d i \u201cDizajn i razvoj digitalnih proizvoda\u201d. Na prvoj radionici vodila nas je Nana Radenkovi\u0107, suosniva\u010dica i menad\u017eerka programa u Novoj Iskri, kao i glavna urednica portala belgradegets.digital. S druge strane, Stefan Trkulja, produkt dizajner u ameri\u010dkom startapu CoRisei i osniva\u010d prve doma\u0107e dizajn zajednice \u201cDizajn Zona\u201d, predstavio je studentima proces dizajna proizvoda, strategije, interfejsa i korisni\u010dkog iskustva.<\/p>\n<p>Na finalnom danu doga\u0111aja, 26. oktobra, organizovane su prezentacije studentskih startap timova koji su razvijeni pod mentorstvom nastavnika u okviru \u201cRoute2Launch\u201d startap mentorskog programa. Timovi su predstavljali svoje ideje komisiji koju su \u010dinili predstavnici organizacija za podr\u0161ku startapima i kompanija iz ekosistema, kao i publici koja je bila prisutna na doga\u0111aju.<\/p>\n<p>Aktivnosti Fakulteta organizacionih nauka u okviru projekta \u201cPredumi ideju\u201d usmerene su na unapre\u0111enje mentorskih kapaciteta na fakultetima, kao i razvoj akademske mentorske zajednice. Tako\u0111e, cilj nam je bio da pove\u0107amo broj studentskih startap timova, unapredimo vidljivost inovacija koje se razvijaju na fakultetima, kao i da promovi\u0161emo primere dobre prakse startapa iz lokalnog ekosistema. Sve u svemu, \u201cNedelja studenata startapa\u201d je bila uspe\u0161an doga\u0111aj koji je okupio mlade i vredne ljude, sa inovativnim idejama i \u017eeljom da svoje kreativne zamisli pretvore u profitabilan biznis. Samim tim, drago nam je \u0161to smo uspeli da im pru\u017eimo podr\u0161ku i priliku da svoje ideje poka\u017eu \u0161iroj publici.<\/p>","protected":false},"author":1,"featured_media":0,"parent":0,"menu_order":0,"comment_status":"closed","ping_status":"closed","template":"","meta":{"_acf_changed":false,"footnotes":""},"class_list":["post-6490","page","type-page","status-publish","hentry"],"acf":[],"_links":{"self":[{"href":"https:\/\/irc.fon.bg.ac.rs\/en\/wp-json\/wp\/v2\/pages\/6490","targetHints":{"allow":["GET"]}}],"collection":[{"href":"https:\/\/irc.fon.bg.ac.rs\/en\/wp-json\/wp\/v2\/pages"}],"about":[{"href":"https:\/\/irc.fon.bg.ac.rs\/en\/wp-json\/wp\/v2\/types\/page"}],"author":[{"embeddable":true,"href":"https:\/\/irc.fon.bg.ac.rs\/en\/wp-json\/wp\/v2\/users\/1"}],"replies":[{"embeddable":true,"href":"https:\/\/irc.fon.bg.ac.rs\/en\/wp-json\/wp\/v2\/comments?post=6490"}],"version-history":[{"count":6,"href":"https:\/\/irc.fon.bg.ac.rs\/en\/wp-json\/wp\/v2\/pages\/6490\/revisions"}],"predecessor-version":[{"id":9116,"href":"https:\/\/irc.fon.bg.ac.rs\/en\/wp-json\/wp\/v2\/pages\/6490\/revisions\/9116"}],"wp:attachment":[{"href":"https:\/\/irc.fon.bg.ac.rs\/en\/wp-json\/wp\/v2\/media?parent=6490"}],"curies":[{"name":"wp","href":"https:\/\/api.w.org\/{rel}","templated":true}]}}